{"id":40,"date":"2021-12-08T11:39:15","date_gmt":"2021-12-08T14:39:15","guid":{"rendered":"https:\/\/kadence.pixel-show.com\/outdoor-shop\/?page_id=15"},"modified":"2022-12-15T08:07:18","modified_gmt":"2022-12-15T11:07:18","slug":"nosotros","status":"publish","type":"page","link":"https:\/\/centrorelmuvision.cl\/tienda\/nosotros\/","title":{"rendered":"Nosotros"},"content":{"rendered":"<style>#kt-layout-id_363fdc-af > .kt-row-column-wrap{align-content:start;}:where(#kt-layout-id_363fdc-af > .kt-row-column-wrap) > .wp-block-kadence-column{justify-content:start;}#kt-layout-id_363fdc-af > .kt-row-column-wrap{column-gap:var(--global-kb-gap-md, 2rem);row-gap:var(--global-kb-gap-md, 2rem);max-width:var( --global-content-width, 1290px );padding-left:var(--global-content-edge-padding);padding-right:var(--global-content-edge-padding);padding-top:var( --global-kb-row-default-top, 25px );padding-bottom:var( --global-kb-row-default-bottom, 25px );padding-top:100px;padding-bottom:100px;grid-template-columns:minmax(0, calc(35% - ((var(--global-kb-gap-md, 2rem) * 1 )\/2)))minmax(0, calc(65% - ((var(--global-kb-gap-md, 2rem) * 1 )\/2)));}#kt-layout-id_363fdc-af{background-image:url('https:\/\/centrorelmuvision.cl\/tienda\/wp-content\/uploads\/2022\/12\/1.webp');background-size:cover;background-position:53% 84%;background-attachment:scroll;background-repeat:no-repeat;}#kt-layout-id_363fdc-af > .kt-row-layout-overlay{opacity:0.30;}@media all and (max-width: 1024px){#kt-layout-id_363fdc-af > .kt-row-column-wrap{grid-template-columns:repeat(2, minmax(0, 1fr));}}@media all and (max-width: 767px){#kt-layout-id_363fdc-af > .kt-row-column-wrap{grid-template-columns:minmax(0, 1fr);}}<\/style>\n<div class=\"wp-block-kadence-rowlayout alignnone\"><div id=\"kt-layout-id_363fdc-af\" class=\"kt-row-layout-inner kt-row-has-bg kt-layout-id_363fdc-af\"><div class=\"kt-row-column-wrap kt-has-2-columns kt-gutter-default kt-v-gutter-default kt-row-valign-top kt-row-layout-equal kt-tab-layout-inherit kt-m-colapse-left-to-right kt-mobile-layout-row  kt-custom-first-width-35  kt-custom-second-width-65 kb-theme-content-width\"><style>.kadence-column_c3a29e-21 > .kt-inside-inner-col{border-top-width:0px;border-right-width:0px;border-bottom-width:0px;border-left-width:0px;}.kadence-column_c3a29e-21 > .kt-inside-inner-col,.kadence-column_c3a29e-21 > .kt-inside-inner-col:before{border-top-left-radius:0px;border-top-right-radius:0px;border-bottom-right-radius:0px;border-bottom-left-radius:0px;}.kadence-column_c3a29e-21 > .kt-inside-inner-col{column-gap:var(--global-kb-gap-sm, 1rem);}.kadence-column_c3a29e-21 > .kt-inside-inner-col{flex-direction:column;}.kadence-column_c3a29e-21 > .kt-inside-inner-col > .aligncenter{width:100%;}.kadence-column_c3a29e-21 > .kt-inside-inner-col:before{opacity:0.3;}.kadence-column_c3a29e-21{position:relative;}@media all and (max-width: 1024px){.kadence-column_c3a29e-21 > .kt-inside-inner-col{flex-direction:column;justify-content:center;}}@media all and (max-width: 767px){.kadence-column_c3a29e-21 > .kt-inside-inner-col{flex-direction:column;justify-content:center;}}<\/style>\n<div class=\"wp-block-kadence-column inner-column-1 kadence-column_c3a29e-21\"><div class=\"kt-inside-inner-col\"><style>.wp-block-kadence-advancedheading.kt-adv-heading_50a878-5c, .wp-block-kadence-advancedheading.kt-adv-heading_50a878-5c[data-kb-block=\"kb-adv-heading_50a878-5c\"]{font-style:normal;color:#1a202c;}.wp-block-kadence-advancedheading.kt-adv-heading_50a878-5c mark.kt-highlight, .wp-block-kadence-advancedheading.kt-adv-heading_50a878-5c[data-kb-block=\"kb-adv-heading_50a878-5c\"] mark.kt-highlight{font-style:normal;color:#f76a0c;-webkit-box-decoration-break:clone;box-decoration-break:clone;padding-top:0px;padding-right:0px;padding-bottom:0px;padding-left:0px;}.wp-block-kadence-advancedheading.kt-adv-heading_50a878-5c img.kb-inline-image, .wp-block-kadence-advancedheading.kt-adv-heading_50a878-5c[data-kb-block=\"kb-adv-heading_50a878-5c\"] img.kb-inline-image{width:150px;vertical-align:baseline;}<\/style>\n<h1 class=\"kt-adv-heading_50a878-5c wp-block-kadence-advancedheading\" data-kb-block=\"kb-adv-heading_50a878-5c\">Nosotros<\/h1>\n\n\n<style>.wp-block-kadence-advancedbtn.kb-btns_8af60c-68{gap:var(--global-kb-gap-xs, 0.5rem );justify-content:flex-start;align-items:center;}.kt-btns_8af60c-68 .kt-button{font-weight:normal;font-style:normal;}.kt-btns_8af60c-68 .kt-btn-wrap-0{margin-right:5px;}.wp-block-kadence-advancedbtn.kt-btns_8af60c-68 .kt-btn-wrap-0 .kt-button::before{display:none;}<\/style>\n<div class=\"wp-block-kadence-advancedbtn kt-btn-align-left kt-btn-tablet-align-inherit kt-btn-mobile-align-inherit kt-btns-wrap kt-btns_8af60c-68\"><div class=\"kt-btn-wrap kt-btn-wrap-0\"><a class=\"kt-button button kt-btn-0-action kt-btn-size-standard kt-btn-style-basic kt-btn-svg-show-always kt-btn-has-text-true kt-btn-has-svg-false kb-btn-global-inherit wp-block-button__link\" href=\"#nostros\"><span class=\"kt-btn-inner-text\">Leer<\/span><\/a><\/div><\/div>\n<\/div><\/div>\n\n\n<style>.kadence-column_3fb3fc-ba > .kt-inside-inner-col{border-top-width:0px;border-right-width:0px;border-bottom-width:0px;border-left-width:0px;}.kadence-column_3fb3fc-ba > .kt-inside-inner-col,.kadence-column_3fb3fc-ba > .kt-inside-inner-col:before{border-top-left-radius:0px;border-top-right-radius:0px;border-bottom-right-radius:0px;border-bottom-left-radius:0px;}.kadence-column_3fb3fc-ba > .kt-inside-inner-col{column-gap:var(--global-kb-gap-sm, 1rem);}.kadence-column_3fb3fc-ba > .kt-inside-inner-col{flex-direction:column;}.kadence-column_3fb3fc-ba > .kt-inside-inner-col > .aligncenter{width:100%;}.kadence-column_3fb3fc-ba > .kt-inside-inner-col:before{opacity:0.3;}.kadence-column_3fb3fc-ba{position:relative;}@media all and (max-width: 1024px){.kadence-column_3fb3fc-ba > .kt-inside-inner-col{flex-direction:column;justify-content:center;}}@media all and (max-width: 767px){.kadence-column_3fb3fc-ba > .kt-inside-inner-col{flex-direction:column;justify-content:center;}}<\/style>\n<div class=\"wp-block-kadence-column inner-column-2 kadence-column_3fb3fc-ba\"><div class=\"kt-inside-inner-col\"><\/div><\/div>\n<\/div><\/div><\/div>\n\n\n<style>#kt-layout-id_94938d-43 > .kt-row-column-wrap{align-content:start;}:where(#kt-layout-id_94938d-43 > .kt-row-column-wrap) > .wp-block-kadence-column{justify-content:start;}#kt-layout-id_94938d-43 > .kt-row-column-wrap{column-gap:80px;row-gap:var(--global-kb-gap-md, 2rem);max-width:var( --global-content-width, 1290px );padding-left:var(--global-content-edge-padding);padding-right:var(--global-content-edge-padding);padding-top:var( --global-kb-row-default-top, 25px );padding-bottom:var( --global-kb-row-default-bottom, 25px );padding-top:57px;padding-bottom:32px;grid-template-columns:repeat(2, minmax(0, 1fr));}#kt-layout-id_94938d-43{background-image:url('https:\/\/centrorelmuvision.cl\/tienda\/wp-content\/uploads\/2022\/12\/6-e1668804421901.webp');background-size:cover;background-position:center center;background-attachment:scroll;background-repeat:no-repeat;}#kt-layout-id_94938d-43 > .kt-row-layout-overlay{opacity:0.90;background-color:var(--global-palette5, #4A5568);}@media all and (max-width: 1024px){#kt-layout-id_94938d-43 > .kt-row-column-wrap{grid-template-columns:repeat(2, minmax(0, 1fr));}}@media all and (max-width: 767px){#kt-layout-id_94938d-43 > .kt-row-column-wrap{grid-template-columns:minmax(0, 1fr);}}#kt-layout-id_94938d-43 .about-img {  margin-top: 40px;}<\/style>\n<div class=\"wp-block-kadence-rowlayout alignnone\" id=\"nostros\"><div id=\"kt-layout-id_94938d-43\" class=\"kt-row-layout-inner kt-row-has-bg kt-layout-id_94938d-43\"><div class=\"kt-row-layout-overlay kt-row-overlay-normal\"><\/div><div class=\"kt-row-column-wrap kt-has-2-columns kt-gutter-widest kt-v-gutter-default kt-row-valign-top kt-row-layout-equal kt-tab-layout-inherit kt-m-colapse-left-to-right kt-mobile-layout-row kb-theme-content-width\"><style>.kadence-column_993b07-30 > .kt-inside-inner-col{border-top-width:0px;border-right-width:0px;border-bottom-width:0px;border-left-width:0px;}.kadence-column_993b07-30 > .kt-inside-inner-col,.kadence-column_993b07-30 > .kt-inside-inner-col:before{border-top-left-radius:0px;border-top-right-radius:0px;border-bottom-right-radius:0px;border-bottom-left-radius:0px;}.kadence-column_993b07-30 > .kt-inside-inner-col{column-gap:var(--global-kb-gap-sm, 1rem);}.kadence-column_993b07-30 > .kt-inside-inner-col{flex-direction:column;}.kadence-column_993b07-30 > .kt-inside-inner-col > .aligncenter{width:100%;}.kadence-column_993b07-30 > .kt-inside-inner-col:before{opacity:0.3;}.kadence-column_993b07-30{position:relative;}@media all and (max-width: 1024px){.kadence-column_993b07-30 > .kt-inside-inner-col{flex-direction:column;justify-content:center;}}@media all and (max-width: 767px){.kadence-column_993b07-30 > .kt-inside-inner-col{flex-direction:column;justify-content:center;}}<\/style>\n<div class=\"wp-block-kadence-column inner-column-1 kadence-column_993b07-30\"><div class=\"kt-inside-inner-col\"><style>.wp-block-kadence-advancedheading.kt-adv-heading_7356d0-7d, .wp-block-kadence-advancedheading.kt-adv-heading_7356d0-7d[data-kb-block=\"kb-adv-heading_7356d0-7d\"]{font-style:normal;}.wp-block-kadence-advancedheading.kt-adv-heading_7356d0-7d mark.kt-highlight, .wp-block-kadence-advancedheading.kt-adv-heading_7356d0-7d[data-kb-block=\"kb-adv-heading_7356d0-7d\"] mark.kt-highlight{font-style:normal;color:#f76a0c;-webkit-box-decoration-break:clone;box-decoration-break:clone;padding-top:0px;padding-right:0px;padding-bottom:0px;padding-left:0px;}.wp-block-kadence-advancedheading.kt-adv-heading_7356d0-7d img.kb-inline-image, .wp-block-kadence-advancedheading.kt-adv-heading_7356d0-7d[data-kb-block=\"kb-adv-heading_7356d0-7d\"] img.kb-inline-image{width:150px;vertical-align:baseline;}<\/style>\n<h6 class=\"kt-adv-heading_7356d0-7d wp-block-kadence-advancedheading has-theme-palette-7-color has-text-color\" data-kb-block=\"kb-adv-heading_7356d0-7d\">Misi\u00f3n<\/h6>\n\n\n<style>.wp-block-kadence-advancedheading.kt-adv-heading_011474-40, .wp-block-kadence-advancedheading.kt-adv-heading_011474-40[data-kb-block=\"kb-adv-heading_011474-40\"]{line-height:1em;font-style:normal;}.wp-block-kadence-advancedheading.kt-adv-heading_011474-40 mark.kt-highlight, .wp-block-kadence-advancedheading.kt-adv-heading_011474-40[data-kb-block=\"kb-adv-heading_011474-40\"] mark.kt-highlight{font-style:normal;color:#f76a0c;-webkit-box-decoration-break:clone;box-decoration-break:clone;padding-top:0px;padding-right:0px;padding-bottom:0px;padding-left:0px;}.wp-block-kadence-advancedheading.kt-adv-heading_011474-40 img.kb-inline-image, .wp-block-kadence-advancedheading.kt-adv-heading_011474-40[data-kb-block=\"kb-adv-heading_011474-40\"] img.kb-inline-image{width:150px;vertical-align:baseline;}<\/style>\n<h2 class=\"kt-adv-heading_011474-40 wp-block-kadence-advancedheading has-theme-palette-9-color has-text-color\" data-kb-block=\"kb-adv-heading_011474-40\"><strong>Sobre nosotros<\/strong><\/h2>\n\n\n<style>.wp-block-kadence-advancedheading.kt-adv-heading_45ad64-bb, .wp-block-kadence-advancedheading.kt-adv-heading_45ad64-bb[data-kb-block=\"kb-adv-heading_45ad64-bb\"]{font-style:normal;}.wp-block-kadence-advancedheading.kt-adv-heading_45ad64-bb mark.kt-highlight, .wp-block-kadence-advancedheading.kt-adv-heading_45ad64-bb[data-kb-block=\"kb-adv-heading_45ad64-bb\"] mark.kt-highlight{font-style:normal;color:#f76a0c;-webkit-box-decoration-break:clone;box-decoration-break:clone;padding-top:0px;padding-right:0px;padding-bottom:0px;padding-left:0px;}.wp-block-kadence-advancedheading.kt-adv-heading_45ad64-bb img.kb-inline-image, .wp-block-kadence-advancedheading.kt-adv-heading_45ad64-bb[data-kb-block=\"kb-adv-heading_45ad64-bb\"] img.kb-inline-image{width:150px;vertical-align:baseline;}<\/style>\n<p class=\"kt-adv-heading_45ad64-bb wp-block-kadence-advancedheading has-theme-palette-9-color has-text-color\" data-kb-block=\"kb-adv-heading_45ad64-bb\">Relmuoptica, es un centro m\u00f3vil especializado que nace bajo la necesidad de llevar los servicios oftalmol\u00f3gicos a los pacientes a precios accesibles para todas las personas. En el idioma Mapudungun, \u00abRelmu\u00bb significa \u00abarcoiris\u00bb&nbsp; y bajo ese concepto se construye la operatividad de la marca que busca empezar en un lugar y terminar en otro, simbolizando el esp\u00edritu del servicio.&nbsp;&nbsp;Nos enfocamos en los pacientes que no logran adquirir los servicios cercanos a su comuna de residencia y ofrecemos servicio en cualquier lugar que nos soliciten las instituciones p\u00fablicas y privadas, de esta manera garantizamos una atenci\u00f3n dedicada y de calidad para cada paciente que adquiera nuestros servicios.<br><\/p>\n<\/div><\/div>\n\n\n<style>.kadence-column_2e50f9-1e > .kt-inside-inner-col{border-top-width:0px;border-right-width:0px;border-bottom-width:0px;border-left-width:0px;}.kadence-column_2e50f9-1e > .kt-inside-inner-col,.kadence-column_2e50f9-1e > .kt-inside-inner-col:before{border-top-left-radius:0px;border-top-right-radius:0px;border-bottom-right-radius:0px;border-bottom-left-radius:0px;}.kadence-column_2e50f9-1e > .kt-inside-inner-col{column-gap:var(--global-kb-gap-sm, 1rem);}.kadence-column_2e50f9-1e > .kt-inside-inner-col{flex-direction:column;}.kadence-column_2e50f9-1e > .kt-inside-inner-col > .aligncenter{width:100%;}.kadence-column_2e50f9-1e > .kt-inside-inner-col:before{opacity:0.3;}.kadence-column_2e50f9-1e{position:relative;}@media all and (max-width: 1024px){.kadence-column_2e50f9-1e > .kt-inside-inner-col{flex-direction:column;justify-content:center;}}@media all and (max-width: 767px){.kadence-column_2e50f9-1e > .kt-inside-inner-col{flex-direction:column;justify-content:center;}}<\/style>\n<div class=\"wp-block-kadence-column inner-column-2 kadence-column_2e50f9-1e\"><div class=\"kt-inside-inner-col\">\n<figure class=\"wp-block-image size-full about-img\"><img loading=\"lazy\" decoding=\"async\" width=\"500\" height=\"500\" src=\"https:\/\/centrorelmuvision.cl\/tienda\/wp-content\/uploads\/2022\/12\/10.webp\" alt=\"\" class=\"wp-image-1240\" srcset=\"https:\/\/centrorelmuvision.cl\/tienda\/wp-content\/uploads\/2022\/12\/10.webp 500w, https:\/\/centrorelmuvision.cl\/tienda\/wp-content\/uploads\/2022\/12\/10-300x300.webp 300w, https:\/\/centrorelmuvision.cl\/tienda\/wp-content\/uploads\/2022\/12\/10-150x150.webp 150w, https:\/\/centrorelmuvision.cl\/tienda\/wp-content\/uploads\/2022\/12\/10-100x100.webp 100w\" sizes=\"auto, (max-width: 500px) 100vw, 500px\" \/><\/figure>\n<\/div><\/div>\n<\/div><\/div><\/div>\n\n\n<style>#kt-layout-id_8741b3-50 > .kt-row-column-wrap{align-content:start;}:where(#kt-layout-id_8741b3-50 > .kt-row-column-wrap) > .wp-block-kadence-column{justify-content:start;}#kt-layout-id_8741b3-50 > .kt-row-column-wrap{column-gap:var(--global-kb-gap-md, 2rem);row-gap:var(--global-kb-gap-md, 2rem);max-width:var( --global-content-width, 1290px );padding-left:var(--global-content-edge-padding);padding-right:var(--global-content-edge-padding);padding-top:var( --global-kb-row-default-top, 25px );padding-bottom:var( --global-kb-row-default-bottom, 25px );padding-top:80px;padding-bottom:80px;grid-template-columns:minmax(0, 1fr);}#kt-layout-id_8741b3-50 > .kt-row-layout-overlay{opacity:0.30;}@media all and (max-width: 1024px){#kt-layout-id_8741b3-50 > .kt-row-column-wrap{grid-template-columns:minmax(0, 1fr);}}@media all and (max-width: 767px){#kt-layout-id_8741b3-50 > .kt-row-column-wrap{grid-template-columns:minmax(0, 1fr);}}<\/style>\n<div class=\"wp-block-kadence-rowlayout alignnone\"><div id=\"kt-layout-id_8741b3-50\" class=\"kt-row-layout-inner kt-layout-id_8741b3-50\"><div class=\"kt-row-column-wrap kt-has-1-columns kt-gutter-default kt-v-gutter-default kt-row-valign-top kt-row-layout-equal kt-tab-layout-inherit kt-m-colapse-left-to-right kt-mobile-layout-row kb-theme-content-width\"><style>.kadence-column_aeb7e5-85 > .kt-inside-inner-col{border-top-width:0px;border-right-width:0px;border-bottom-width:0px;border-left-width:0px;}.kadence-column_aeb7e5-85 > .kt-inside-inner-col,.kadence-column_aeb7e5-85 > .kt-inside-inner-col:before{border-top-left-radius:0px;border-top-right-radius:0px;border-bottom-right-radius:0px;border-bottom-left-radius:0px;}.kadence-column_aeb7e5-85 > .kt-inside-inner-col{column-gap:var(--global-kb-gap-sm, 1rem);}.kadence-column_aeb7e5-85 > .kt-inside-inner-col{flex-direction:column;}.kadence-column_aeb7e5-85 > .kt-inside-inner-col > .aligncenter{width:100%;}.kadence-column_aeb7e5-85 > .kt-inside-inner-col:before{opacity:0.3;}.kadence-column_aeb7e5-85{position:relative;}@media all and (max-width: 1024px){.kadence-column_aeb7e5-85 > .kt-inside-inner-col{flex-direction:column;justify-content:center;}}@media all and (max-width: 767px){.kadence-column_aeb7e5-85 > .kt-inside-inner-col{flex-direction:column;justify-content:center;}}<\/style>\n<div class=\"wp-block-kadence-column inner-column-1 kadence-column_aeb7e5-85\"><div class=\"kt-inside-inner-col\"><style>.wp-block-kadence-advancedheading.kt-adv-heading_c3d8bb-5e, .wp-block-kadence-advancedheading.kt-adv-heading_c3d8bb-5e[data-kb-block=\"kb-adv-heading_c3d8bb-5e\"]{text-align:center;line-height:1em;font-style:normal;}.wp-block-kadence-advancedheading.kt-adv-heading_c3d8bb-5e mark.kt-highlight, .wp-block-kadence-advancedheading.kt-adv-heading_c3d8bb-5e[data-kb-block=\"kb-adv-heading_c3d8bb-5e\"] mark.kt-highlight{font-style:normal;color:#f76a0c;-webkit-box-decoration-break:clone;box-decoration-break:clone;padding-top:0px;padding-right:0px;padding-bottom:0px;padding-left:0px;}.wp-block-kadence-advancedheading.kt-adv-heading_c3d8bb-5e img.kb-inline-image, .wp-block-kadence-advancedheading.kt-adv-heading_c3d8bb-5e[data-kb-block=\"kb-adv-heading_c3d8bb-5e\"] img.kb-inline-image{width:150px;vertical-align:baseline;}<\/style>\n<h2 class=\"kt-adv-heading_c3d8bb-5e wp-block-kadence-advancedheading has-theme-palette-3-color has-text-color\" data-kb-block=\"kb-adv-heading_c3d8bb-5e\">Empresas partner<\/h2>\n\n\n<style>.wp-block-kadence-advancedgallery.kb-gallery-wrap-id-_c47505-d1{overflow:hidden;}.kb-gallery-id-_c47505-d1 .kadence-blocks-gallery-item .kb-gal-image-radius, .kb-gallery-id-_c47505-d1 .kb-slide-item .kb-gal-image-radius img{border-radius:0px 0px 0px 0px;;}.kb-gallery-wrap-id-_c47505-d1.wp-block-kadence-advancedgallery{overflow:visible;}.kb-gallery-wrap-id-_c47505-d1.wp-block-kadence-advancedgallery .kt-blocks-carousel{overflow:visible;}<\/style><div class=\"kb-gallery-wrap-id-_c47505-d1 alignnone wp-block-kadence-advancedgallery\"><div class=\"kb-gallery-ul kb-gallery-non-static kb-gallery-type-carousel kb-gallery-id-_c47505-d1 kb-gallery-caption-style-bottom-hover kb-gallery-filter-none\" data-image-filter=\"none\" data-lightbox-caption=\"true\"><div class=\"kt-blocks-carousel splide kt-carousel-container-dotstyle-none kt-carousel-arrowstyle-none kt-carousel-dotstyle-none kb-slider-group-arrow kb-slider-arrow-position-center\" data-columns-xxl=\"3\" data-columns-xl=\"3\" data-columns-md=\"3\" data-columns-sm=\"2\" data-columns-xs=\"1\" data-columns-ss=\"1\" data-slider-anim-speed=\"400\" data-slider-scroll=\"1\" data-slider-arrows=\"false\" data-slider-dots=\"false\" data-slider-hover-pause=\"false\" data-slider-auto=\"1\" data-slider-speed=\"7000\" data-slider-gap=\"30px\" data-slider-gap-tablet=\"30px\" data-slider-gap-mobile=\"30px\" data-show-pause-button=\"false\" data-slider-label=\"Photo Gallery Carousel\"><div class=\"splide__track\"><ul class=\"kt-blocks-carousel-init kb-gallery-carousel splide__list\"><li class=\"kb-slide-item kb-gallery-carousel-item splide__slide\"><div class=\"kadence-blocks-gallery-item\"><div class=\"kadence-blocks-gallery-item-inner\"><figure class=\"kb-gallery-figure kadence-blocks-gallery-item-hide-caption\"><div class=\"kb-gal-image-radius\"><div class=\"kb-gallery-image-contain kadence-blocks-gallery-intrinsic kb-gallery-image-ratio-inherit kb-has-image-ratio-inherit\" ><img loading=\"lazy\" decoding=\"async\" src=\"https:\/\/centrorelmuvision.cl\/tienda\/wp-content\/uploads\/2022\/12\/Sin-titulo-1.webp\" width=\"433\" height=\"150\" alt=\"\" data-full-image=\"https:\/\/centrorelmuvision.cl\/tienda\/wp-content\/uploads\/2022\/12\/Sin-titulo-1.webp\" data-light-image=\"https:\/\/centrorelmuvision.cl\/tienda\/wp-content\/uploads\/2022\/12\/Sin-titulo-1.webp\" data-id=\"1236\" class=\"wp-image-1236 skip-lazy\" srcset=\"https:\/\/centrorelmuvision.cl\/tienda\/wp-content\/uploads\/2022\/12\/Sin-titulo-1.webp 433w, https:\/\/centrorelmuvision.cl\/tienda\/wp-content\/uploads\/2022\/12\/Sin-titulo-1-300x104.webp 300w\" sizes=\"auto, (max-width: 433px) 100vw, 433px\" \/><\/div><\/div><\/figure><\/div><\/div><\/li><li class=\"kb-slide-item kb-gallery-carousel-item splide__slide\"><div class=\"kadence-blocks-gallery-item\"><div class=\"kadence-blocks-gallery-item-inner\"><figure class=\"kb-gallery-figure kadence-blocks-gallery-item-hide-caption\"><div class=\"kb-gal-image-radius\"><div class=\"kb-gallery-image-contain kadence-blocks-gallery-intrinsic kb-gallery-image-ratio-inherit kb-has-image-ratio-inherit\" ><img loading=\"lazy\" decoding=\"async\" src=\"https:\/\/centrorelmuvision.cl\/tienda\/wp-content\/uploads\/2022\/12\/Sin-titulo-2.webp\" width=\"433\" height=\"150\" alt=\"\" data-full-image=\"https:\/\/centrorelmuvision.cl\/tienda\/wp-content\/uploads\/2022\/12\/Sin-titulo-2.webp\" data-light-image=\"https:\/\/centrorelmuvision.cl\/tienda\/wp-content\/uploads\/2022\/12\/Sin-titulo-2.webp\" data-id=\"1237\" class=\"wp-image-1237 skip-lazy\" srcset=\"https:\/\/centrorelmuvision.cl\/tienda\/wp-content\/uploads\/2022\/12\/Sin-titulo-2.webp 433w, https:\/\/centrorelmuvision.cl\/tienda\/wp-content\/uploads\/2022\/12\/Sin-titulo-2-300x104.webp 300w\" sizes=\"auto, (max-width: 433px) 100vw, 433px\" \/><\/div><\/div><\/figure><\/div><\/div><\/li><li class=\"kb-slide-item kb-gallery-carousel-item splide__slide\"><div class=\"kadence-blocks-gallery-item\"><div class=\"kadence-blocks-gallery-item-inner\"><figure class=\"kb-gallery-figure kadence-blocks-gallery-item-hide-caption\"><div class=\"kb-gal-image-radius\"><div class=\"kb-gallery-image-contain kadence-blocks-gallery-intrinsic kb-gallery-image-ratio-inherit kb-has-image-ratio-inherit\" ><img loading=\"lazy\" decoding=\"async\" src=\"https:\/\/centrorelmuvision.cl\/tienda\/wp-content\/uploads\/2022\/12\/Sin-titulo-3-1024x355-1.webp\" width=\"1024\" height=\"355\" alt=\"\" data-full-image=\"https:\/\/centrorelmuvision.cl\/tienda\/wp-content\/uploads\/2022\/12\/Sin-titulo-3-1024x355-1.webp\" data-light-image=\"https:\/\/centrorelmuvision.cl\/tienda\/wp-content\/uploads\/2022\/12\/Sin-titulo-3-1024x355-1.webp\" data-id=\"1238\" class=\"wp-image-1238 skip-lazy\" srcset=\"https:\/\/centrorelmuvision.cl\/tienda\/wp-content\/uploads\/2022\/12\/Sin-titulo-3-1024x355-1.webp 1024w, https:\/\/centrorelmuvision.cl\/tienda\/wp-content\/uploads\/2022\/12\/Sin-titulo-3-1024x355-1-300x104.webp 300w, https:\/\/centrorelmuvision.cl\/tienda\/wp-content\/uploads\/2022\/12\/Sin-titulo-3-1024x355-1-768x266.webp 768w, https:\/\/centrorelmuvision.cl\/tienda\/wp-content\/uploads\/2022\/12\/Sin-titulo-3-1024x355-1-600x208.webp 600w\" sizes=\"auto, (max-width: 1024px) 100vw, 1024px\" \/><\/div><\/div><\/figure><\/div><\/div><\/li><\/ul><\/div><\/div><\/div><\/div><\/div><\/div>\n<\/div><\/div><\/div>\n","protected":false},"excerpt":{"rendered":"<p>Nosotros Misi\u00f3n Sobre nosotros Relmuoptica, es un centro m\u00f3vil especializado que nace bajo la necesidad de llevar los servicios oftalmol\u00f3gicos a los pacientes a precios accesibles para todas las personas. En el idioma Mapudungun, \u00abRelmu\u00bb significa \u00abarcoiris\u00bb&nbsp; y bajo ese concepto se construye la operatividad de la marca que busca empezar en un lugar y&#8230;<\/p>\n","protected":false},"author":1,"featured_media":1117,"parent":0,"menu_order":0,"comment_status":"closed","ping_status":"closed","template":"","meta":{"_kad_blocks_custom_css":"","_kad_blocks_head_custom_js":"","_kad_blocks_body_custom_js":"","_kad_blocks_footer_custom_js":"","_kadence_starter_templates_imported_post":true,"_kad_post_transparent":"","_kad_post_title":"hide","_kad_post_layout":"fullwidth","_kad_post_sidebar_id":"","_kad_post_content_style":"unboxed","_kad_post_vertical_padding":"hide","_kad_post_feature":"hide","_kad_post_feature_position":"","_kad_post_header":false,"_kad_post_footer":false,"_kad_post_classname":"","footnotes":""},"class_list":["post-40","page","type-page","status-publish","has-post-thumbnail","hentry"],"taxonomy_info":[],"featured_image_src_large":["https:\/\/centrorelmuvision.cl\/tienda\/wp-content\/uploads\/2022\/01\/About-1-scaled-1-382x1024.jpeg",382,1024,true],"author_info":{"display_name":"bbriquelme@gmail.com","author_link":"https:\/\/centrorelmuvision.cl\/tienda\/author\/bbriquelmegmail-com\/"},"comment_info":0,"_links":{"self":[{"href":"https:\/\/centrorelmuvision.cl\/tienda\/wp-json\/wp\/v2\/pages\/40","targetHints":{"allow":["GET"]}}],"collection":[{"href":"https:\/\/centrorelmuvision.cl\/tienda\/wp-json\/wp\/v2\/pages"}],"about":[{"href":"https:\/\/centrorelmuvision.cl\/tienda\/wp-json\/wp\/v2\/types\/page"}],"author":[{"embeddable":true,"href":"https:\/\/centrorelmuvision.cl\/tienda\/wp-json\/wp\/v2\/users\/1"}],"replies":[{"embeddable":true,"href":"https:\/\/centrorelmuvision.cl\/tienda\/wp-json\/wp\/v2\/comments?post=40"}],"version-history":[{"count":9,"href":"https:\/\/centrorelmuvision.cl\/tienda\/wp-json\/wp\/v2\/pages\/40\/revisions"}],"predecessor-version":[{"id":1249,"href":"https:\/\/centrorelmuvision.cl\/tienda\/wp-json\/wp\/v2\/pages\/40\/revisions\/1249"}],"wp:featuredmedia":[{"embeddable":true,"href":"https:\/\/centrorelmuvision.cl\/tienda\/wp-json\/wp\/v2\/media\/1117"}],"wp:attachment":[{"href":"https:\/\/centrorelmuvision.cl\/tienda\/wp-json\/wp\/v2\/media?parent=40"}],"curies":[{"name":"wp","href":"https:\/\/api.w.org\/{rel}","templated":true}]}}